{"id":145,"date":"2019-08-20T06:04:34","date_gmt":"2019-08-20T06:04:34","guid":{"rendered":"http:\/\/www.vrsateckyhrad.sk\/?page_id=145"},"modified":"2020-08-27T15:01:28","modified_gmt":"2020-08-27T15:01:28","slug":"programs","status":"publish","type":"page","link":"http:\/\/www.vrsateckyhrad.sk\/?page_id=145","title":{"rendered":"Programs"},"content":{"rendered":"\t\t<div data-elementor-type=\"wp-post\" data-elementor-id=\"145\" class=\"elementor elementor-145\" data-elementor-settings=\"[]\">\n\t\t\t\t\t\t<div class=\"elementor-inner\">\n\t\t\t\t\t\t\t<div class=\"elementor-section-wrap\">\n\t\t\t\t\t\t\t<section class=\"elementor-section elementor-top-section elementor-element elementor-element-74ba2fac elementor-section-boxed elementor-section-height-default elementor-section-height-default\" data-id=\"74ba2fac\" data-element_type=\"section\" data-settings=\"{&quot;background_background&quot;:&quot;classic&quot;,&quot;shape_divider_bottom&quot;:&quot;triangle&quot;,&quot;shape_divider_bottom_negative&quot;:&quot;yes&quot;}\">\n\t\t\t\t\t\t\t<div class=\"elementor-background-overlay\"><\/div>\n\t\t\t\t\t\t<div class=\"elementor-shape elementor-shape-bottom\" data-negative=\"true\">\n\t\t\t<svg xmlns=\"http:\/\/www.w3.org\/2000\/svg\" viewBox=\"0 0 1000 100\" preserveAspectRatio=\"none\">\n\t<path class=\"elementor-shape-fill\" d=\"M500.2,94.7L0,0v100h1000V0L500.2,94.7z\"\/>\n<\/svg>\t\t<\/div>\n\t\t\t\t\t<div class=\"elementor-container elementor-column-gap-default\">\n\t\t\t\t\t\t\t<div class=\"elementor-row\">\n\t\t\t\t\t<div class=\"elementor-column elementor-col-100 elementor-top-column elementor-element elementor-element-23262dea\" data-id=\"23262dea\" data-element_type=\"column\">\n\t\t\t<div class=\"elementor-column-wrap elementor-element-populated\">\n\t\t\t\t\t\t\t<div class=\"elementor-widget-wrap\">\n\t\t\t\t\t\t<div class=\"elementor-element elementor-element-27af6558 elementor-invisible elementor-widget elementor-widget-heading\" data-id=\"27af6558\" data-element_type=\"widget\" data-settings=\"{&quot;_animation&quot;:&quot;none&quot;}\" data-widget_type=\"heading.default\">\n\t\t\t\t<div class=\"elementor-widget-container\">\n\t\t\t<h2 class=\"elementor-heading-title elementor-size-default\">Hist\u00f3ria hradu<\/h2>\t\t<\/div>\n\t\t\t\t<\/div>\n\t\t\t\t\t\t<\/div>\n\t\t\t\t\t<\/div>\n\t\t<\/div>\n\t\t\t\t\t\t\t\t<\/div>\n\t\t\t\t\t<\/div>\n\t\t<\/section>\n\t\t\t\t<section class=\"elementor-section elementor-top-section elementor-element elementor-element-8dc6205 elementor-reverse-mobile elementor-section-boxed elementor-section-height-default elementor-section-height-default\" data-id=\"8dc6205\" data-element_type=\"section\" data-settings=\"{&quot;background_background&quot;:&quot;classic&quot;}\">\n\t\t\t\t\t\t\t<div class=\"elementor-background-overlay\"><\/div>\n\t\t\t\t\t\t\t<div class=\"elementor-container elementor-column-gap-no\">\n\t\t\t\t\t\t\t<div class=\"elementor-row\">\n\t\t\t\t\t<div class=\"elementor-column elementor-col-100 elementor-top-column elementor-element elementor-element-0b0aedc\" data-id=\"0b0aedc\" data-element_type=\"column\">\n\t\t\t<div class=\"elementor-column-wrap elementor-element-populated\">\n\t\t\t\t\t\t\t<div class=\"elementor-widget-wrap\">\n\t\t\t\t\t\t<section class=\"elementor-section elementor-inner-section elementor-element elementor-element-6cad3d1 elementor-reverse-tablet elementor-section-boxed elementor-section-height-default elementor-section-height-default\" data-id=\"6cad3d1\" data-element_type=\"section\">\n\t\t\t\t\t\t<div class=\"elementor-container elementor-column-gap-default\">\n\t\t\t\t\t\t\t<div class=\"elementor-row\">\n\t\t\t\t\t<div class=\"elementor-column elementor-col-50 elementor-inner-column elementor-element elementor-element-8e8665b\" data-id=\"8e8665b\" data-element_type=\"column\">\n\t\t\t<div class=\"elementor-column-wrap elementor-element-populated\">\n\t\t\t\t\t\t\t<div class=\"elementor-widget-wrap\">\n\t\t\t\t\t\t<div class=\"elementor-element elementor-element-4b3340f elementor-widget elementor-widget-image\" data-id=\"4b3340f\" data-element_type=\"widget\" data-widget_type=\"image.default\">\n\t\t\t\t<div class=\"elementor-widget-container\">\n\t\t\t\t\t<div class=\"elementor-image\">\n\t\t\t\t\t\t\t\t\t\t<img width=\"400\" height=\"300\" src=\"http:\/\/www.vrsateckyhrad.sk\/wp-content\/uploads\/2020\/08\/historia-hradu.jpg\" class=\"attachment-large size-large\" alt=\"\" loading=\"lazy\" srcset=\"http:\/\/www.vrsateckyhrad.sk\/wp-content\/uploads\/2020\/08\/historia-hradu.jpg 400w, http:\/\/www.vrsateckyhrad.sk\/wp-content\/uploads\/2020\/08\/historia-hradu-300x225.jpg 300w\" sizes=\"(max-width: 400px) 100vw, 400px\" \/>\t\t\t\t\t\t\t\t\t\t\t<\/div>\n\t\t\t\t<\/div>\n\t\t\t\t<\/div>\n\t\t\t\t\t\t<\/div>\n\t\t\t\t\t<\/div>\n\t\t<\/div>\n\t\t\t\t<div class=\"elementor-column elementor-col-50 elementor-inner-column elementor-element elementor-element-f5d6f1b\" data-id=\"f5d6f1b\" data-element_type=\"column\">\n\t\t\t<div class=\"elementor-column-wrap elementor-element-populated\">\n\t\t\t\t\t\t\t<div class=\"elementor-widget-wrap\">\n\t\t\t\t\t\t<div class=\"elementor-element elementor-element-db2f4bf elementor-widget elementor-widget-heading\" data-id=\"db2f4bf\" data-element_type=\"widget\" data-widget_type=\"heading.default\">\n\t\t\t\t<div class=\"elementor-widget-container\">\n\t\t\t<h3 class=\"elementor-heading-title elementor-size-default\">Zr\u00facanina hradu Vr\u0161atec<\/h3>\t\t<\/div>\n\t\t\t\t<\/div>\n\t\t\t\t<div class=\"elementor-element elementor-element-90971f3 elementor-widget elementor-widget-text-editor\" data-id=\"90971f3\" data-element_type=\"widget\" data-widget_type=\"text-editor.default\">\n\t\t\t\t<div class=\"elementor-widget-container\">\n\t\t\t\t\t<div class=\"elementor-text-editor elementor-clearfix\"><p>Oblas\u0165 bola ob\u00fdvan\u00e1 u\u017e sk\u00f4r \u013eu\u010fmi z\u00a0<a title=\"Lu\u017eick\u00e1 kult\u00fara\" href=\"https:\/\/sk.wikipedia.org\/wiki\/Lu%C5%BEick%C3%A1_kult%C3%BAra\">lu\u017eickej<\/a>\u00a0a\u00a0<a title=\"P\u00fachovsk\u00e1 kult\u00fara\" href=\"https:\/\/sk.wikipedia.org\/wiki\/P%C3%BAchovsk%C3%A1_kult%C3%BAra\">p\u00fachovskej kult\u00fary<\/a>, od\u00a0<a title=\"9. storo\u010die\" href=\"https:\/\/sk.wikipedia.org\/wiki\/9._storo%C4%8Die\">9.<\/a>\u00a0a\u017e\u00a0<a class=\"mw-redirect\" title=\"10. storo\u010dia\" href=\"https:\/\/sk.wikipedia.org\/wiki\/10._storo%C4%8Dia\">10. storo\u010dia<\/a>\u00a0aj\u00a0<a title=\"Slovania\" href=\"https:\/\/sk.wikipedia.org\/wiki\/Slovania\">slovansk\u00fdmi<\/a>\u00a0kme\u0148mi. V\u00fdstavba hradu, ktor\u00fd patril do l\u00ednie br\u00e1niacej severoz\u00e1padn\u00e9 hranice\u00a0<a title=\"Uhorsko\" href=\"https:\/\/sk.wikipedia.org\/wiki\/Uhorsko\">Uhorska<\/a>, sa za\u010dala v\u00a0<a title=\"13. storo\u010die\" href=\"https:\/\/sk.wikipedia.org\/wiki\/13._storo%C4%8Die\">13. storo\u010d\u00ed<\/a>\u00a0po\u00a0<a title=\"Mongolsk\u00fd vp\u00e1d do Uhorska\" href=\"https:\/\/sk.wikipedia.org\/wiki\/Mongolsk%C3%BD_vp%C3%A1d_do_Uhorska\">mongolskom vp\u00e1de<\/a>. Z\u00e1klad hradu tvoril horn\u00fd hrad s vn\u00fatornou ve\u017eou, ktor\u00e1 bola dominantn\u00fdm obrann\u00fdm zariaden\u00edm cel\u00e9ho komplexu.\u00a0<span style=\"font-style: normal; font-weight: 400; color: #202122; font-family: sans-serif; font-size: 14px;\">Koncom 13. storo\u010dia sa hrad stal s\u00fa\u010das\u0165ou panstva\u00a0<\/span><a style=\"font-style: normal; font-weight: 400; color: #0b0080; background: none #ffffff; font-family: sans-serif; font-size: 14px;\" title=\"Mat\u00fa\u0161 \u010c\u00e1k Tren\u010diansky\" href=\"https:\/\/sk.wikipedia.org\/wiki\/Mat%C3%BA%C5%A1_%C4%8C%C3%A1k_Tren%C4%8Diansky\">Mat\u00fa\u0161a \u010c\u00e1ka Tren\u010dianskeho<\/a><span style=\"font-style: normal; font-weight: 400; color: #202122; font-family: sans-serif; font-size: 14px;\">. V roku\u00a0<\/span><a style=\"font-style: normal; font-weight: 400; color: #0b0080; background: none #ffffff; font-family: sans-serif; font-size: 14px;\" title=\"1394\" href=\"https:\/\/sk.wikipedia.org\/wiki\/1394\">1394<\/a><span style=\"font-style: normal; font-weight: 400; color: #202122; font-family: sans-serif; font-size: 14px;\">\u00a0ho z\u00edskal\u00a0<\/span><a style=\"font-style: normal; font-weight: 400; color: #0b0080; background: none #ffffff; font-family: sans-serif; font-size: 14px;\" title=\"Stibor zo Stibor\u00edc\" href=\"https:\/\/sk.wikipedia.org\/wiki\/Stibor_zo_Stibor%C3%ADc\">Stibor zo Stibor\u00edc<\/a><span style=\"font-style: normal; font-weight: 400; color: #202122; font-family: sans-serif; font-size: 14px;\">. V\u00a0<\/span><a style=\"font-style: normal; font-weight: 400; color: #0b0080; background: none #ffffff; font-family: sans-serif; font-size: 14px;\" title=\"15. storo\u010die\" href=\"https:\/\/sk.wikipedia.org\/wiki\/15._storo%C4%8Die\">15. storo\u010d\u00ed<\/a><span style=\"font-style: normal; font-weight: 400; color: #202122; font-family: sans-serif; font-size: 14px;\">\u00a0hrad pre\u0161iel rozsiahlou rekon\u0161trukciou, roku\u00a0<\/span><a style=\"font-style: normal; font-weight: 400; color: #0b0080; background: none #ffffff; font-family: sans-serif; font-size: 14px;\" title=\"1439\" href=\"https:\/\/sk.wikipedia.org\/wiki\/1439\">1439<\/a><span style=\"font-style: normal; font-weight: 400; color: #202122; font-family: sans-serif; font-size: 14px;\">\u00a0sa objavila aj prv\u00e1 p\u00edsomn\u00e1 zmienka o Vr\u0161atskom Podhrad\u00ed, vtedy ozna\u010dovanom ako\u00a0<\/span><i style=\"font-weight: inherit; color: #202122; font-family: sans-serif; font-size: 14px;\">Podhradhye<\/i><span style=\"font-style: normal; font-weight: 400; color: #202122; font-family: sans-serif; font-size: 14px;\">.<\/span><\/p><\/div>\n\t\t\t\t<\/div>\n\t\t\t\t<\/div>\n\t\t\t\t\t\t<\/div>\n\t\t\t\t\t<\/div>\n\t\t<\/div>\n\t\t\t\t\t\t\t\t<\/div>\n\t\t\t\t\t<\/div>\n\t\t<\/section>\n\t\t\t\t\t\t<\/div>\n\t\t\t\t\t<\/div>\n\t\t<\/div>\n\t\t\t\t\t\t\t\t<\/div>\n\t\t\t\t\t<\/div>\n\t\t<\/section>\n\t\t\t\t<section class=\"elementor-section elementor-top-section elementor-element elementor-element-a2d20dd elementor-section-full_width elementor-section-height-default elementor-section-height-default\" data-id=\"a2d20dd\" data-element_type=\"section\" data-settings=\"{&quot;background_background&quot;:&quot;classic&quot;}\">\n\t\t\t\t\t\t\t<div class=\"elementor-background-overlay\"><\/div>\n\t\t\t\t\t\t\t<div class=\"elementor-container elementor-column-gap-default\">\n\t\t\t\t\t\t\t<div class=\"elementor-row\">\n\t\t\t\t\t<div class=\"elementor-column elementor-col-100 elementor-top-column elementor-element elementor-element-5af91a1\" data-id=\"5af91a1\" data-element_type=\"column\">\n\t\t\t<div class=\"elementor-column-wrap elementor-element-populated\">\n\t\t\t\t\t\t\t<div class=\"elementor-widget-wrap\">\n\t\t\t\t\t\t<section class=\"elementor-section elementor-inner-section elementor-element elementor-element-c406387 elementor-section-boxed elementor-section-height-default elementor-section-height-default\" data-id=\"c406387\" data-element_type=\"section\">\n\t\t\t\t\t\t<div class=\"elementor-container elementor-column-gap-default\">\n\t\t\t\t\t\t\t<div class=\"elementor-row\">\n\t\t\t\t\t<div class=\"elementor-column elementor-col-50 elementor-inner-column elementor-element elementor-element-96ce381\" data-id=\"96ce381\" data-element_type=\"column\">\n\t\t\t<div class=\"elementor-column-wrap elementor-element-populated\">\n\t\t\t\t\t\t\t<div class=\"elementor-widget-wrap\">\n\t\t\t\t\t\t<div class=\"elementor-element elementor-element-3107e2c elementor-widget elementor-widget-image\" data-id=\"3107e2c\" data-element_type=\"widget\" data-widget_type=\"image.default\">\n\t\t\t\t<div class=\"elementor-widget-container\">\n\t\t\t\t\t<div class=\"elementor-image\">\n\t\t\t\t\t\t\t\t\t\t<img width=\"800\" height=\"533\" src=\"http:\/\/www.vrsateckyhrad.sk\/wp-content\/uploads\/2020\/08\/hrady-a-zamky.jpg\" class=\"attachment-large size-large\" alt=\"\" loading=\"lazy\" srcset=\"http:\/\/www.vrsateckyhrad.sk\/wp-content\/uploads\/2020\/08\/hrady-a-zamky.jpg 800w, http:\/\/www.vrsateckyhrad.sk\/wp-content\/uploads\/2020\/08\/hrady-a-zamky-300x200.jpg 300w, http:\/\/www.vrsateckyhrad.sk\/wp-content\/uploads\/2020\/08\/hrady-a-zamky-768x512.jpg 768w\" sizes=\"(max-width: 800px) 100vw, 800px\" \/>\t\t\t\t\t\t\t\t\t\t\t<\/div>\n\t\t\t\t<\/div>\n\t\t\t\t<\/div>\n\t\t\t\t\t\t<\/div>\n\t\t\t\t\t<\/div>\n\t\t<\/div>\n\t\t\t\t<div class=\"elementor-column elementor-col-50 elementor-inner-column elementor-element elementor-element-930d646\" data-id=\"930d646\" data-element_type=\"column\">\n\t\t\t<div class=\"elementor-column-wrap elementor-element-populated\">\n\t\t\t\t\t\t\t<div class=\"elementor-widget-wrap\">\n\t\t\t\t\t\t<div class=\"elementor-element elementor-element-88effe5 elementor-widget elementor-widget-heading\" data-id=\"88effe5\" data-element_type=\"widget\" data-widget_type=\"heading.default\">\n\t\t\t\t<div class=\"elementor-widget-container\">\n\t\t\t<h3 class=\"elementor-heading-title elementor-size-default\">Dejiny<\/h3>\t\t<\/div>\n\t\t\t\t<\/div>\n\t\t\t\t<div class=\"elementor-element elementor-element-a915576 elementor-widget elementor-widget-text-editor\" data-id=\"a915576\" data-element_type=\"widget\" data-widget_type=\"text-editor.default\">\n\t\t\t\t<div class=\"elementor-widget-container\">\n\t\t\t\t\t<div class=\"elementor-text-editor elementor-clearfix\"><p>Nesk\u00f4r hrad vystriedal viacero majite\u013eov, patril napr.\u00a0<a title=\"Barbora Celjsk\u00e1\" href=\"https:\/\/sk.wikipedia.org\/wiki\/Barbora_Celjsk%C3%A1\">kr\u00e1\u013eovnej Barbore<\/a>, jej dc\u00e9re\u00a0<a title=\"Al\u017ebeta Luxembursk\u00e1\" href=\"https:\/\/sk.wikipedia.org\/wiki\/Al%C5%BEbeta_Luxembursk%C3%A1\">Al\u017ebete<\/a>\u00a0\u010di drobnej \u0161\u013eachte. V\u00a0<a title=\"17. storo\u010die\" href=\"https:\/\/sk.wikipedia.org\/wiki\/17._storo%C4%8Die\">17. storo\u010d\u00ed<\/a>\u00a0do\u0161lo k \u010fal\u0161\u00edm \u00faprav\u00e1m hradu, ktor\u00fd v\u0161ak postupne za\u010dal upada\u0165, preto\u017ee \u0161\u013eachta za\u010dala uprednost\u0148ova\u0165 ni\u017e\u0161ie polo\u017een\u00e9 s\u00eddla, hlavne\u00a0<a title=\"Ka\u0161tie\u013e\" href=\"https:\/\/sk.wikipedia.org\/wiki\/Ka%C5%A1tie%C4%BE\">ka\u0161tie\u013e<\/a>\u00a0v\u00a0<a title=\"Prusk\u00e9\" href=\"https:\/\/sk.wikipedia.org\/wiki\/Prusk%C3%A9\">Pruskom<\/a>.\u00a0Roku\u00a0<a title=\"1680\" href=\"https:\/\/sk.wikipedia.org\/wiki\/1680\">1680<\/a>\u00a0hrad vyp\u00e1lilo cis\u00e1rske vojsko. Po rekon\u0161trukcii v\u0161ak hrad vyhorel roku\u00a0<a title=\"1707\" href=\"https:\/\/sk.wikipedia.org\/wiki\/1707\">1707<\/a>, po\u010das\u00a0<a class=\"new\" title=\"Povstanie Franti\u0161ka II. R\u00e1kociho (str\u00e1nka neexistuje)\" href=\"https:\/\/sk.wikipedia.org\/w\/index.php?title=Povstanie_Franti%C5%A1ka_II._R%C3%A1kociho&amp;action=edit&amp;redlink=1\">R\u00e1kociho povstania<\/a>\u00a0ho navy\u0161e cis\u00e1rske vojsk\u00e1 z\u00e1merne zni\u010dili v\u00fdbu\u0161ninami. Majitelia k \u010fal\u0161ej rekon\u0161trukcii neprikro\u010dili. Dnes je zo zvy\u0161kov hradu u\u017e len zr\u00facanina.<\/p><\/div>\n\t\t\t\t<\/div>\n\t\t\t\t<\/div>\n\t\t\t\t\t\t<\/div>\n\t\t\t\t\t<\/div>\n\t\t<\/div>\n\t\t\t\t\t\t\t\t<\/div>\n\t\t\t\t\t<\/div>\n\t\t<\/section>\n\t\t\t\t\t\t<\/div>\n\t\t\t\t\t<\/div>\n\t\t<\/div>\n\t\t\t\t\t\t\t\t<\/div>\n\t\t\t\t\t<\/div>\n\t\t<\/section>\n\t\t\t\t<section class=\"elementor-section elementor-top-section elementor-element elementor-element-03eebbb elementor-section-boxed elementor-section-height-default elementor-section-height-default\" data-id=\"03eebbb\" data-element_type=\"section\" data-settings=\"{&quot;background_background&quot;:&quot;classic&quot;}\">\n\t\t\t\t\t\t\t<div class=\"elementor-background-overlay\"><\/div>\n\t\t\t\t\t\t\t<div class=\"elementor-container elementor-column-gap-no\">\n\t\t\t\t\t\t\t<div class=\"elementor-row\">\n\t\t\t\t\t<div class=\"elementor-column elementor-col-100 elementor-top-column elementor-element elementor-element-854fe08\" data-id=\"854fe08\" data-element_type=\"column\">\n\t\t\t<div class=\"elementor-column-wrap elementor-element-populated\">\n\t\t\t\t\t\t\t<div class=\"elementor-widget-wrap\">\n\t\t\t\t\t\t<section class=\"elementor-section elementor-inner-section elementor-element elementor-element-8e8d2a1 elementor-reverse-tablet elementor-section-boxed elementor-section-height-default elementor-section-height-default\" data-id=\"8e8d2a1\" data-element_type=\"section\">\n\t\t\t\t\t\t<div class=\"elementor-container elementor-column-gap-default\">\n\t\t\t\t\t\t\t<div class=\"elementor-row\">\n\t\t\t\t\t<div class=\"elementor-column elementor-col-50 elementor-inner-column elementor-element elementor-element-9cf0a92\" data-id=\"9cf0a92\" data-element_type=\"column\">\n\t\t\t<div class=\"elementor-column-wrap elementor-element-populated\">\n\t\t\t\t\t\t\t<div class=\"elementor-widget-wrap\">\n\t\t\t\t\t\t<div class=\"elementor-element elementor-element-fdcaea5 elementor-widget elementor-widget-image\" data-id=\"fdcaea5\" data-element_type=\"widget\" data-widget_type=\"image.default\">\n\t\t\t\t<div class=\"elementor-widget-container\">\n\t\t\t\t\t<div class=\"elementor-image\">\n\t\t\t\t\t\t\t\t\t\t<img width=\"500\" height=\"370\" src=\"http:\/\/www.vrsateckyhrad.sk\/wp-content\/uploads\/2020\/08\/3.jpg\" class=\"attachment-large size-large\" alt=\"\" loading=\"lazy\" srcset=\"http:\/\/www.vrsateckyhrad.sk\/wp-content\/uploads\/2020\/08\/3.jpg 500w, http:\/\/www.vrsateckyhrad.sk\/wp-content\/uploads\/2020\/08\/3-300x222.jpg 300w\" sizes=\"(max-width: 500px) 100vw, 500px\" \/>\t\t\t\t\t\t\t\t\t\t\t<\/div>\n\t\t\t\t<\/div>\n\t\t\t\t<\/div>\n\t\t\t\t\t\t<\/div>\n\t\t\t\t\t<\/div>\n\t\t<\/div>\n\t\t\t\t<div class=\"elementor-column elementor-col-50 elementor-inner-column elementor-element elementor-element-7e705f3\" data-id=\"7e705f3\" data-element_type=\"column\">\n\t\t\t<div class=\"elementor-column-wrap elementor-element-populated\">\n\t\t\t\t\t\t\t<div class=\"elementor-widget-wrap\">\n\t\t\t\t\t\t<div class=\"elementor-element elementor-element-f26ce5e elementor-widget elementor-widget-heading\" data-id=\"f26ce5e\" data-element_type=\"widget\" data-widget_type=\"heading.default\">\n\t\t\t\t<div class=\"elementor-widget-container\">\n\t\t\t<h3 class=\"elementor-heading-title elementor-size-default\">Pr\u00edstup<\/h3>\t\t<\/div>\n\t\t\t\t<\/div>\n\t\t\t\t<div class=\"elementor-element elementor-element-996e662 elementor-widget elementor-widget-text-editor\" data-id=\"996e662\" data-element_type=\"widget\" data-widget_type=\"text-editor.default\">\n\t\t\t\t<div class=\"elementor-widget-container\">\n\t\t\t\t\t<div class=\"elementor-text-editor elementor-clearfix\"><p>Z obce Vr\u0161atsk\u00e9ho Podhradia, z autobusovej zast\u00e1vky je to k zr\u00facanine hradu Vr\u0161atec asi 10 min\u00fat pe\u0161o po\u00a0<a class=\"image\" title=\"modr\u00e1 turistick\u00e1 zna\u010dka\" href=\"https:\/\/sk.wikipedia.org\/wiki\/S%C3%BAbor:TouristicMarkingStripe-RAL_blue.svg\"><img loading=\"lazy\" class=\"noviewer\" src=\"https:\/\/upload.wikimedia.org\/wikipedia\/commons\/thumb\/f\/f5\/TouristicMarkingStripe-RAL_blue.svg\/18px-TouristicMarkingStripe-RAL_blue.svg.png\" srcset=\"\/\/upload.wikimedia.org\/wikipedia\/commons\/thumb\/f\/f5\/TouristicMarkingStripe-RAL_blue.svg\/27px-TouristicMarkingStripe-RAL_blue.svg.png 1.5x, \/\/upload.wikimedia.org\/wikipedia\/commons\/thumb\/f\/f5\/TouristicMarkingStripe-RAL_blue.svg\/36px-TouristicMarkingStripe-RAL_blue.svg.png 2x\" alt=\"modr\u00e1 turistick\u00e1 zna\u010dka\" width=\"18\" height=\"18\" data-file-width=\"390\" data-file-height=\"390\" \/><\/a> zna\u010dke.<\/p><table class=\"infobox geography\"><tbody><tr class=\"mergedtoprow\" title=\"Nadmorsk\u00e1 v\u00fd\u0161ka\"><th>Nadmorsk\u00e1 v\u00fd\u0161ka<\/th><td>725\u00a0<a title=\"Metrov nad morom\" href=\"https:\/\/sk.wikipedia.org\/wiki\/Metrov_nad_morom\">m n. m.<\/a><\/td><\/tr><\/tbody><\/table><table class=\"infobox geography\"><tbody><tr class=\"mergedrow\" title=\"Regi\u00f3n v ktor\u00fdch objekt le\u017e\u00ed\"><th>Regi\u00f3n<\/th><td><a title=\"Tren\u010diansky kraj\" href=\"https:\/\/sk.wikipedia.org\/wiki\/Tren%C4%8Diansky_kraj\">Tren\u010diansky<\/a><\/td><\/tr><tr class=\"mergedrow\" title=\"Okres, v ktor\u00fdch objekt le\u017e\u00ed\"><th>Okres<\/th><td><a title=\"Ilava (okres)\" href=\"https:\/\/sk.wikipedia.org\/wiki\/Ilava_(okres)\">Ilava<\/a><\/td><\/tr><tr class=\"mergedrow\" title=\"Obec, v ktor\u00fdch objekt le\u017e\u00ed\"><th>Obec<\/th><td><a title=\"Vr\u0161atsk\u00e9 Podhradie\" href=\"https:\/\/sk.wikipedia.org\/wiki\/Vr%C5%A1atsk%C3%A9_Podhradie\">Vr\u0161atsk\u00e9 Podhradie<\/a><\/td><\/tr><\/tbody><\/table><\/div>\n\t\t\t\t<\/div>\n\t\t\t\t<\/div>\n\t\t\t\t\t\t<\/div>\n\t\t\t\t\t<\/div>\n\t\t<\/div>\n\t\t\t\t\t\t\t\t<\/div>\n\t\t\t\t\t<\/div>\n\t\t<\/section>\n\t\t\t\t\t\t<\/div>\n\t\t\t\t\t<\/div>\n\t\t<\/div>\n\t\t\t\t\t\t\t\t<\/div>\n\t\t\t\t\t<\/div>\n\t\t<\/section>\n\t\t\t\t\t\t<\/div>\n\t\t\t\t\t\t<\/div>\n\t\t\t\t\t<\/div>\n\t\t","protected":false},"excerpt":{"rendered":"<p>Hist\u00f3ria hradu Zr\u00facanina hradu Vr\u0161atec Oblas\u0165 bola ob\u00fdvan\u00e1 u\u017e sk\u00f4r \u013eu\u010fmi z\u00a0lu\u017eickej\u00a0a\u00a0p\u00fachovskej kult\u00fary, od\u00a09.\u00a0a\u017e\u00a010. storo\u010dia\u00a0aj\u00a0slovansk\u00fdmi\u00a0kme\u0148mi. V\u00fdstavba hradu, ktor\u00fd patril do l\u00ednie br\u00e1niacej severoz\u00e1padn\u00e9 hranice\u00a0Uhorska, sa za\u010dala v\u00a013. storo\u010d\u00ed\u00a0po\u00a0mongolskom vp\u00e1de. Z\u00e1klad hradu tvoril horn\u00fd hrad s vn\u00fatornou ve\u017eou, ktor\u00e1 bola dominantn\u00fdm obrann\u00fdm zariaden\u00edm cel\u00e9ho komplexu.\u00a0Koncom 13. storo\u010dia sa hrad stal s\u00fa\u010das\u0165ou panstva\u00a0Mat\u00fa\u0161a \u010c\u00e1ka Tren\u010dianskeho. V roku\u00a01394\u00a0ho &hellip;<\/p>\n<p class=\"read-more\"> <a class=\"\" href=\"http:\/\/www.vrsateckyhrad.sk\/?page_id=145\"> <span class=\"screen-reader-text\">Programs<\/span> \u010c\u00edtajte viac &raquo;<\/a><\/p>\n","protected":false},"author":1,"featured_media":0,"parent":0,"menu_order":0,"comment_status":"closed","ping_status":"closed","template":"","meta":[],"uagb_featured_image_src":{"full":false,"thumbnail":false,"medium":false,"medium_large":false,"large":false,"1536x1536":false,"2048x2048":false},"uagb_author_info":{"display_name":"Vrsatecadmin","author_link":"http:\/\/www.vrsateckyhrad.sk\/?author=1"},"uagb_comment_info":0,"uagb_excerpt":"Hist\u00f3ria hradu Zr\u00facanina hradu Vr\u0161atec Oblas\u0165 bola ob\u00fdvan\u00e1 u\u017e sk\u00f4r \u013eu\u010fmi z\u00a0lu\u017eickej\u00a0a\u00a0p\u00fachovskej kult\u00fary, od\u00a09.\u00a0a\u017e\u00a010. storo\u010dia\u00a0aj\u00a0slovansk\u00fdmi\u00a0kme\u0148mi. V\u00fdstavba hradu, ktor\u00fd patril do l\u00ednie br\u00e1niacej severoz\u00e1padn\u00e9 hranice\u00a0Uhorska, sa za\u010dala v\u00a013. storo\u010d\u00ed\u00a0po\u00a0mongolskom vp\u00e1de. Z\u00e1klad hradu tvoril horn\u00fd hrad s vn\u00fatornou ve\u017eou, ktor\u00e1 bola dominantn\u00fdm obrann\u00fdm zariaden\u00edm cel\u00e9ho komplexu.\u00a0Koncom 13. storo\u010dia sa hrad stal s\u00fa\u010das\u0165ou panstva\u00a0Mat\u00fa\u0161a \u010c\u00e1ka Tren\u010dianskeho. V roku\u00a01394\u00a0ho&hellip;","_links":{"self":[{"href":"http:\/\/www.vrsateckyhrad.sk\/index.php?rest_route=\/wp\/v2\/pages\/145"}],"collection":[{"href":"http:\/\/www.vrsateckyhrad.sk\/index.php?rest_route=\/wp\/v2\/pages"}],"about":[{"href":"http:\/\/www.vrsateckyhrad.sk\/index.php?rest_route=\/wp\/v2\/types\/page"}],"author":[{"embeddable":true,"href":"http:\/\/www.vrsateckyhrad.sk\/index.php?rest_route=\/wp\/v2\/users\/1"}],"replies":[{"embeddable":true,"href":"http:\/\/www.vrsateckyhrad.sk\/index.php?rest_route=%2Fwp%2Fv2%2Fcomments&post=145"}],"version-history":[{"count":5,"href":"http:\/\/www.vrsateckyhrad.sk\/index.php?rest_route=\/wp\/v2\/pages\/145\/revisions"}],"predecessor-version":[{"id":1577,"href":"http:\/\/www.vrsateckyhrad.sk\/index.php?rest_route=\/wp\/v2\/pages\/145\/revisions\/1577"}],"wp:attachment":[{"href":"http:\/\/www.vrsateckyhrad.sk\/index.php?rest_route=%2Fwp%2Fv2%2Fmedia&parent=145"}],"curies":[{"name":"wp","href":"https:\/\/api.w.org\/{rel}","templated":true}]}}