{"id":143,"date":"2019-08-20T06:04:10","date_gmt":"2019-08-20T06:04:10","guid":{"rendered":"http:\/\/www.vrsateckyhrad.sk\/?page_id=143"},"modified":"2021-01-06T12:21:35","modified_gmt":"2021-01-06T12:21:35","slug":"contact","status":"publish","type":"page","link":"http:\/\/www.vrsateckyhrad.sk\/?page_id=143","title":{"rendered":"Kontakt"},"content":{"rendered":"\t\t<div data-elementor-type=\"wp-page\" data-elementor-id=\"143\" class=\"elementor elementor-143\" data-elementor-settings=\"[]\">\n\t\t\t\t\t\t<div class=\"elementor-inner\">\n\t\t\t\t\t\t\t<div class=\"elementor-section-wrap\">\n\t\t\t\t\t\t\t<section class=\"elementor-section elementor-top-section elementor-element elementor-element-c01f38a elementor-section-content-middle elementor-reverse-tablet elementor-section-boxed elementor-section-height-default elementor-section-height-default\" data-id=\"c01f38a\" data-element_type=\"section\" data-settings=\"{&quot;background_background&quot;:&quot;classic&quot;}\">\n\t\t\t\t\t\t\t<div class=\"elementor-background-overlay\"><\/div>\n\t\t\t\t\t\t\t<div class=\"elementor-container elementor-column-gap-default\">\n\t\t\t\t\t\t\t<div class=\"elementor-row\">\n\t\t\t\t\t<div class=\"elementor-column elementor-col-25 elementor-top-column elementor-element elementor-element-e9f82fa\" data-id=\"e9f82fa\" data-element_type=\"column\">\n\t\t\t<div class=\"elementor-column-wrap elementor-element-populated\">\n\t\t\t\t\t\t\t<div class=\"elementor-widget-wrap\">\n\t\t\t\t\t\t<div class=\"elementor-element elementor-element-f5d023b elementor-widget elementor-widget-heading\" data-id=\"f5d023b\" data-element_type=\"widget\" data-widget_type=\"heading.default\">\n\t\t\t\t<div class=\"elementor-widget-container\">\n\t\t\t<h2 class=\"elementor-heading-title elementor-size-default\">Kontakt<\/h2>\t\t<\/div>\n\t\t\t\t<\/div>\n\t\t\t\t<div class=\"elementor-element elementor-element-8366d53 elementor-widget elementor-widget-heading\" data-id=\"8366d53\" data-element_type=\"widget\" data-widget_type=\"heading.default\">\n\t\t\t\t<div class=\"elementor-widget-container\">\n\t\t\t<h3 class=\"elementor-heading-title elementor-size-medium\">Tel.\u010d\u00edslo<\/h3>\t\t<\/div>\n\t\t\t\t<\/div>\n\t\t\t\t<div class=\"elementor-element elementor-element-c8579f7 elementor-widget elementor-widget-text-editor\" data-id=\"c8579f7\" data-element_type=\"widget\" data-widget_type=\"text-editor.default\">\n\t\t\t\t<div class=\"elementor-widget-container\">\n\t\t\t\t\t<div class=\"elementor-text-editor elementor-clearfix\"><p>+421 948 370 731<\/p><\/div>\n\t\t\t\t<\/div>\n\t\t\t\t<\/div>\n\t\t\t\t<div class=\"elementor-element elementor-element-b7b463f elementor-widget elementor-widget-heading\" data-id=\"b7b463f\" data-element_type=\"widget\" data-widget_type=\"heading.default\">\n\t\t\t\t<div class=\"elementor-widget-container\">\n\t\t\t<h3 class=\"elementor-heading-title elementor-size-medium\">Email<\/h3>\t\t<\/div>\n\t\t\t\t<\/div>\n\t\t\t\t<div class=\"elementor-element elementor-element-bcacc78 elementor-widget elementor-widget-text-editor\" data-id=\"bcacc78\" data-element_type=\"widget\" data-widget_type=\"text-editor.default\">\n\t\t\t\t<div class=\"elementor-widget-container\">\n\t\t\t\t\t<div class=\"elementor-text-editor elementor-clearfix\"><p>info@vrsateckyhrad.sk<\/p><\/div>\n\t\t\t\t<\/div>\n\t\t\t\t<\/div>\n\t\t\t\t<div class=\"elementor-element elementor-element-67a9c6d elementor-widget elementor-widget-heading\" data-id=\"67a9c6d\" data-element_type=\"widget\" data-widget_type=\"heading.default\">\n\t\t\t\t<div class=\"elementor-widget-container\">\n\t\t\t<h3 class=\"elementor-heading-title elementor-size-medium\">Adresa<\/h3>\t\t<\/div>\n\t\t\t\t<\/div>\n\t\t\t\t<div class=\"elementor-element elementor-element-ad3206e elementor-widget elementor-widget-text-editor\" data-id=\"ad3206e\" data-element_type=\"widget\" data-widget_type=\"text-editor.default\">\n\t\t\t\t<div class=\"elementor-widget-container\">\n\t\t\t\t\t<div class=\"elementor-text-editor elementor-clearfix\"><p>HISTORY SLOVAKIA, Centrum II 80\/18, 01841 Dubnica nad V\u00e1hom, I\u010cO: 42147361<\/p><p><strong>BANKOV\u00c9 SPOJENIE SLOVENSKO<\/strong><\/p><p>\u010c\u00edslo \u00fa\u010dtu: IBAN SK65 8330 0000 0021 0190 4921<\/p><p><strong>BANKOV\u00c9 SPOJENIE \u010cESK\u00c1 REPUBLIKA<\/strong><\/p><p>\u010c\u00edslo \u00fa\u010dtu: 2101904921\/2010<\/p><p>SWIFT\/BIC: FIOZFKBAXXX<\/p><\/div>\n\t\t\t\t<\/div>\n\t\t\t\t<\/div>\n\t\t\t\t\t\t<\/div>\n\t\t\t\t\t<\/div>\n\t\t<\/div>\n\t\t\t\t<div class=\"elementor-column elementor-col-25 elementor-top-column elementor-element elementor-element-e973bc4\" data-id=\"e973bc4\" data-element_type=\"column\" data-settings=\"{&quot;background_background&quot;:&quot;classic&quot;}\">\n\t\t\t<div class=\"elementor-column-wrap elementor-element-populated\">\n\t\t\t\t\t\t\t<div class=\"elementor-widget-wrap\">\n\t\t\t\t\t\t<div class=\"elementor-element elementor-element-6327b04 elementor-widget elementor-widget-google_maps\" data-id=\"6327b04\" data-element_type=\"widget\" data-widget_type=\"google_maps.default\">\n\t\t\t\t<div class=\"elementor-widget-container\">\n\t\t\t<div class=\"elementor-custom-embed\"><iframe frameborder=\"0\" scrolling=\"no\" marginheight=\"0\" marginwidth=\"0\" src=\"https:\/\/maps.google.com\/maps?q=Centrum%20II%2080%2F18%2C%20Dubnica%20nad%20V%C3%A1hom%2C%2001841&amp;t=m&amp;z=10&amp;output=embed&amp;iwloc=near\" aria-label=\"Centrum II 80\/18, Dubnica nad V\u00e1hom, 01841\"><\/iframe><\/div>\t\t<\/div>\n\t\t\t\t<\/div>\n\t\t\t\t\t\t<\/div>\n\t\t\t\t\t<\/div>\n\t\t<\/div>\n\t\t\t\t<div class=\"elementor-column elementor-col-25 elementor-top-column elementor-element elementor-element-98b2402\" data-id=\"98b2402\" data-element_type=\"column\" data-settings=\"{&quot;background_background&quot;:&quot;classic&quot;}\">\n\t\t\t<div class=\"elementor-column-wrap elementor-element-populated\">\n\t\t\t\t\t\t\t<div class=\"elementor-widget-wrap\">\n\t\t\t\t\t\t<div class=\"elementor-element elementor-element-3791c59 elementor-widget elementor-widget-heading\" data-id=\"3791c59\" data-element_type=\"widget\" data-widget_type=\"heading.default\">\n\t\t\t\t<div class=\"elementor-widget-container\">\n\t\t\t<h2 class=\"elementor-heading-title elementor-size-medium\">Kontaktn\u00fd formul\u00e1r<\/h2>\t\t<\/div>\n\t\t\t\t<\/div>\n\t\t\t\t<div class=\"elementor-element elementor-element-5f9423e elementor-widget elementor-widget-shortcode\" data-id=\"5f9423e\" data-element_type=\"widget\" data-widget_type=\"shortcode.default\">\n\t\t\t\t<div class=\"elementor-widget-container\">\n\t\t\t\t\t<div class=\"elementor-shortcode\"><div class=\"wpforms-container \" id=\"wpforms-58\"><form id=\"wpforms-form-58\" class=\"wpforms-validate wpforms-form\" data-formid=\"58\" method=\"post\" enctype=\"multipart\/form-data\" action=\"\/index.php?rest_route=%2Fwp%2Fv2%2Fpages%2F143\" data-token=\"b6589371b373d9816aa8b75232a3c344\"><noscript class=\"wpforms-error-noscript\">Please enable JavaScript in your browser to complete this form.<\/noscript><div class=\"wpforms-field-container\"><div id=\"wpforms-58-field_3-container\" class=\"wpforms-field wpforms-field-name\" data-field-id=\"3\"><label class=\"wpforms-field-label wpforms-label-hide\" for=\"wpforms-58-field_3\">Meno <span class=\"wpforms-required-label\">*<\/span><\/label><input type=\"text\" id=\"wpforms-58-field_3\" class=\"wpforms-field-large wpforms-field-required\" name=\"wpforms[fields][3]\" placeholder=\"Meno\" required><\/div><div id=\"wpforms-58-field_4-container\" class=\"wpforms-field wpforms-field-name\" data-field-id=\"4\"><label class=\"wpforms-field-label wpforms-label-hide\" for=\"wpforms-58-field_4\">Tel.\u010d\u00edslo <span class=\"wpforms-required-label\">*<\/span><\/label><input type=\"text\" id=\"wpforms-58-field_4\" class=\"wpforms-field-large wpforms-field-required\" name=\"wpforms[fields][4]\" placeholder=\"Tel.\u010d\u00edslo\" required><\/div><div id=\"wpforms-58-field_1-container\" class=\"wpforms-field wpforms-field-email\" data-field-id=\"1\"><label class=\"wpforms-field-label wpforms-label-hide\" for=\"wpforms-58-field_1\">Email <span class=\"wpforms-required-label\">*<\/span><\/label><input type=\"email\" id=\"wpforms-58-field_1\" class=\"wpforms-field-large wpforms-field-required\" name=\"wpforms[fields][1]\" placeholder=\"Email\" spellcheck=\"false\" required><\/div><div id=\"wpforms-58-field_5-container\" class=\"wpforms-field wpforms-field-textarea\" data-field-id=\"5\"><label class=\"wpforms-field-label wpforms-label-hide\" for=\"wpforms-58-field_5\">Spr\u00e1va<\/label><textarea id=\"wpforms-58-field_5\" class=\"wpforms-field-medium\" name=\"wpforms[fields][5]\" placeholder=\"Spr\u00e1va\" ><\/textarea><\/div><\/div><!-- .wpforms-field-container --><div class=\"wpforms-field wpforms-field-hp\"><label for=\"wpforms-58-field-hp\" class=\"wpforms-field-label\">Comment<\/label><input type=\"text\" name=\"wpforms[hp]\" id=\"wpforms-58-field-hp\" class=\"wpforms-field-medium\"><\/div><div class=\"wpforms-submit-container\" ><input type=\"hidden\" name=\"wpforms[id]\" value=\"58\"><input type=\"hidden\" name=\"wpforms[author]\" value=\"1\"><button type=\"submit\" name=\"wpforms[submit]\" id=\"wpforms-submit-58\" class=\"wpforms-submit\" data-alt-text=\"Posielam...\" data-submit-text=\"Spracova\u0165\" aria-live=\"assertive\" value=\"wpforms-submit\">Spracova\u0165<\/button><\/div><\/form><\/div>  <!-- .wpforms-container --><\/div>\n\t\t\t\t<\/div>\n\t\t\t\t<\/div>\n\t\t\t\t\t\t<\/div>\n\t\t\t\t\t<\/div>\n\t\t<\/div>\n\t\t\t\t<div class=\"elementor-column elementor-col-25 elementor-top-column elementor-element elementor-element-02ed74d\" data-id=\"02ed74d\" data-element_type=\"column\">\n\t\t\t<div class=\"elementor-column-wrap\">\n\t\t\t\t\t\t\t<div class=\"elementor-widget-wrap\">\n\t\t\t\t\t\t\t\t<\/div>\n\t\t\t\t\t<\/div>\n\t\t<\/div>\n\t\t\t\t\t\t\t\t<\/div>\n\t\t\t\t\t<\/div>\n\t\t<\/section>\n\t\t\t\t\t\t<\/div>\n\t\t\t\t\t\t<\/div>\n\t\t\t\t\t<\/div>\n\t\t","protected":false},"excerpt":{"rendered":"<p>Kontakt Tel.\u010d\u00edslo +421 948 370 731 Email info@vrsateckyhrad.sk Adresa HISTORY SLOVAKIA, Centrum II 80\/18, 01841 Dubnica nad V\u00e1hom, I\u010cO: 42147361 BANKOV\u00c9 SPOJENIE SLOVENSKO \u010c\u00edslo \u00fa\u010dtu: IBAN SK65 8330 0000 0021 0190 4921 BANKOV\u00c9 SPOJENIE \u010cESK\u00c1 REPUBLIKA \u010c\u00edslo \u00fa\u010dtu: 2101904921\/2010 SWIFT\/BIC: FIOZFKBAXXX Kontaktn\u00fd formul\u00e1r<\/p>\n","protected":false},"author":1,"featured_media":0,"parent":0,"menu_order":0,"comment_status":"closed","ping_status":"closed","template":"","meta":[],"uagb_featured_image_src":{"full":false,"thumbnail":false,"medium":false,"medium_large":false,"large":false,"1536x1536":false,"2048x2048":false},"uagb_author_info":{"display_name":"Vrsatecadmin","author_link":"http:\/\/www.vrsateckyhrad.sk\/?author=1"},"uagb_comment_info":0,"uagb_excerpt":"Kontakt Tel.\u010d\u00edslo +421 948 370 731 Email info@vrsateckyhrad.sk Adresa HISTORY SLOVAKIA, Centrum II 80\/18, 01841 Dubnica nad V\u00e1hom, I\u010cO: 42147361 BANKOV\u00c9 SPOJENIE SLOVENSKO \u010c\u00edslo \u00fa\u010dtu: IBAN SK65 8330 0000 0021 0190 4921 BANKOV\u00c9 SPOJENIE \u010cESK\u00c1 REPUBLIKA \u010c\u00edslo \u00fa\u010dtu: 2101904921\/2010 SWIFT\/BIC: FIOZFKBAXXX Kontaktn\u00fd formul\u00e1r","_links":{"self":[{"href":"http:\/\/www.vrsateckyhrad.sk\/index.php?rest_route=\/wp\/v2\/pages\/143"}],"collection":[{"href":"http:\/\/www.vrsateckyhrad.sk\/index.php?rest_route=\/wp\/v2\/pages"}],"about":[{"href":"http:\/\/www.vrsateckyhrad.sk\/index.php?rest_route=\/wp\/v2\/types\/page"}],"author":[{"embeddable":true,"href":"http:\/\/www.vrsateckyhrad.sk\/index.php?rest_route=\/wp\/v2\/users\/1"}],"replies":[{"embeddable":true,"href":"http:\/\/www.vrsateckyhrad.sk\/index.php?rest_route=%2Fwp%2Fv2%2Fcomments&post=143"}],"version-history":[{"count":11,"href":"http:\/\/www.vrsateckyhrad.sk\/index.php?rest_route=\/wp\/v2\/pages\/143\/revisions"}],"predecessor-version":[{"id":1613,"href":"http:\/\/www.vrsateckyhrad.sk\/index.php?rest_route=\/wp\/v2\/pages\/143\/revisions\/1613"}],"wp:attachment":[{"href":"http:\/\/www.vrsateckyhrad.sk\/index.php?rest_route=%2Fwp%2Fv2%2Fmedia&parent=143"}],"curies":[{"name":"wp","href":"https:\/\/api.w.org\/{rel}","templated":true}]}}